{"id":9627,"date":"2025-03-11T11:21:22","date_gmt":"2025-03-11T10:21:22","guid":{"rendered":"https:\/\/www.pixelenvrac.com\/blog-photo\/?page_id=9627"},"modified":"2025-12-03T11:26:08","modified_gmt":"2025-12-03T10:26:08","slug":"billets-photo-poesie","status":"publish","type":"page","link":"https:\/\/www.pixelenvrac.com\/blog-photo\/billets-photo-poesie\/","title":{"rendered":"Inspirations po\u00e9tiques et photographies artistiques"},"content":{"rendered":"\n<div class=\"page-2cl\">\n\t<div class=\"col-gauche\">\n\t\t<h2>Billets photo & po\u00e9sie : explorations artistiques par th\u00e9matiques<\/h2>\n\t\t<p>Fr\u00eale esquive est un blog o\u00f9 la photographie artistique se marie \u00e0 l'\u00e9criture et la po\u00e9sie. Chaque article propose une alliance entre mots po\u00e9tiques et visuels originaux.<\/p>\n\t\t<h3>Po\u00e9sie photographique : d\u00e9marche personnelle.<\/h3>\n\t\t<p>Organis\u00e9s autour de th\u00e8mes comme le bord de mer, la ville, la nature, le minimalisme et les instants de la vie quotidienne, les billets de ce blog artistique vous proposent une balade entre de courts po\u00e8mes en prose, des contes, de simples photographies, des photomontages r\u00e9alis\u00e9s par assemblage & collage num\u00e9rique, et quelques vid\u00e9os.<\/p>\n\t\t<p><em>Que vous soyez amateur de po\u00e9sie, photographe ou simple curieux de passage en qu\u00eate d'\u00e9motion \u00e9crite et visuelle, <strong>belle visite \u00e0 vous dans cet espace de cr\u00e9ativit\u00e9 personnelle<\/strong>.<\/em><\/p>\n\t<\/div><!-- col-gauche\t -->\n\t<div class=\"col-droite\">\n\t\t<div class=\"cont-ft\">\n\t\t\t<div class=\"catgalphot\">\n\t\t\t\t<div class=\"galeriephoto vignette hover01\">\n\t\t\t\t<a href=\"https:\/\/www.pixelenvrac.com\/blog-photo\/category\/photo-portrait\/\" title=\"Portraits d\u2019humains, hommes et femmes, adultes et enfants, jeunes et vieux ; un regard, une posture, une \u00e9motion l\u00e9g\u00e8re...\"><img loading=\"lazy\" decoding=\"async\" src=\"https:\/\/www.pixelenvrac.com\/blog-photo\/wp-content\/uploads\/2025\/03\/ame-qui-vive-220.jpg\" width=\"220\" height=\"220\" alt=\"\u00c2me qui vive\"><\/a>\n\t\t\t\t<\/div>\n\t\t\t\t<p><a href=\"https:\/\/www.pixelenvrac.com\/blog-photo\/category\/photo-portrait\/\" target=\"_blank\">\u00c2me qui vive<\/a><\/p>\n\t\t\t<\/div>\n\t\t\t<div class=\"catgalphot\">\n\t\t\t\t<div class=\"galeriephoto vignette hover01\">\n\t\t\t\t<a href=\"https:\/\/www.pixelenvrac.com\/blog-photo\/category\/photo-gros-plan\/\" title=\"Gros plans sur des trucs et ficelles, troc et combines, babioles et autres bibelots de vide-grenier...\"><img loading=\"lazy\" decoding=\"async\" src=\"https:\/\/www.pixelenvrac.com\/blog-photo\/wp-content\/uploads\/2025\/03\/babioles-220.jpg\" width=\"220\" height=\"220\" alt=\"Babioles & colifichets\"><\/a>\n\t\t\t\t<\/div>\n\t\t\t\t<p><a href=\"https:\/\/www.pixelenvrac.com\/blog-photo\/category\/photo-gros-plan\/\" target=\"_blank\">Babioles & colifichets<\/a><\/p>\n\t\t\t<\/div>\n\t\t\t<div class=\"catgalphot\">\n\t\t\t\t<div class=\"galeriephoto vignette hover01\">\n\t\t\t\t<a href=\"https:\/\/www.pixelenvrac.com\/blog-photo\/category\/photo-bord-de-mer\/\" title=\"Bord de mer, plages et rochers, algues et sable, eau et sel ; ambiance marine des c\u00f4tes de Bretagne de de Navarre...\"><img loading=\"lazy\" decoding=\"async\" src=\"https:\/\/www.pixelenvrac.com\/blog-photo\/wp-content\/uploads\/2025\/03\/bord-de-mer-220.jpg\" width=\"220\" height=\"220\" alt=\"Bord de mer\"><\/a>\n\t\t\t\t<\/div>\n\t\t\t\t<p><a href=\"https:\/\/www.pixelenvrac.com\/blog-photo\/category\/photo-bord-de-mer\/\" target=\"_blank\">Bord de mer<\/a><\/p>\n\t\t\t<\/div>\n\t\t\t<div class=\"catgalphot\">\n\t\t\t\t<div class=\"galeriephoto vignette hover01\">\n\t\t\t\t<a href=\"https:\/\/www.pixelenvrac.com\/blog-photo\/category\/photo-corps\/\" title=\"La beaut\u00e9 fragile du corps humain, m\u00e8che de cheveux ou \u00e9piderme satin, main dans la main ou doigts de pieds en \u00e9ventail...\"><img loading=\"lazy\" decoding=\"async\" src=\"https:\/\/www.pixelenvrac.com\/blog-photo\/wp-content\/uploads\/2025\/03\/corps-220.jpg\" width=\"220\" height=\"220\" alt=\"Corps\"><\/a>\n\t\t\t\t<\/div>\n\t\t\t\t<p><a href=\"https:\/\/www.pixelenvrac.com\/blog-photo\/category\/photo-corps\/\" target=\"_blank\">Corps<\/a><\/p>\n\t\t\t<\/div>\n\t\t\t<div class=\"catgalphot\">\n\t\t\t\t<div class=\"galeriephoto vignette hover01\">\n\t\t\t\t<a href=\"https:\/\/www.pixelenvrac.com\/blog-photo\/category\/humeur-vagabonde\/\" title=\"Morosit\u00e9 ou mort aux id\u00e9es ? Billets d\u2019humeur plut\u00f4t r\u00e9serv\u00e9e...\"><img loading=\"lazy\" decoding=\"async\" src=\"https:\/\/www.pixelenvrac.com\/blog-photo\/wp-content\/uploads\/2025\/03\/humeur-vagabonde-220.jpg\" width=\"220\" height=\"220\" alt=\"Humeurs vagabondes\"><\/a>\n\t\t\t\t<\/div>\n\t\t\t\t<p><a href=\"https:\/\/www.pixelenvrac.com\/blog-photo\/category\/humeur-vagabonde\/\" target=\"_blank\">Humeurs vagabondes<\/a><\/p>\n\t\t\t<\/div>\n\t\t\t<div class=\"catgalphot\">\n\t\t\t\t<div class=\"galeriephoto vignette hover01\">\n\t\t\t\t<a href=\"https:\/\/www.pixelenvrac.com\/blog-photo\/category\/photo-nature\/\" title=\"La nature et ses paysages de campagne, ses espaces verdoyants, sa faune, sa flore et de ses respirations...\"><img loading=\"lazy\" decoding=\"async\" src=\"https:\/\/www.pixelenvrac.com\/blog-photo\/wp-content\/uploads\/2025\/03\/nature-220.jpg\" width=\"220\" height=\"220\" alt=\"Nature & espaces libres\"><\/a>\n\t\t\t\t<\/div>\n\t\t\t\t<p><a href=\"https:\/\/www.pixelenvrac.com\/blog-photo\/category\/photo-nature\/\" target=\"_blank\">Nature & espaces libres<\/a><\/p>\n\t\t\t<\/div>\n\t\t\t<div class=\"catgalphot\">\n\t\t\t\t<div class=\"galeriephoto vignette hover01\">\n\t\t\t\t<a href=\"https:\/\/www.pixelenvrac.com\/blog-photo\/category\/brise-lames-st-malo\/\" title=\"Contes marins illustr\u00e9s de photos noir et blanc ; brise-lames de Saint-Malo\"><img loading=\"lazy\" decoding=\"async\" src=\"https:\/\/www.pixelenvrac.com\/blog-photo\/wp-content\/uploads\/2025\/03\/brise-lames-220.jpg\" width=\"220\" height=\"220\" alt=\"St-Malo et ses brise-l\u00e2mes\"><\/a>\n\t\t\t\t<\/div>\n\t\t\t\t<p><a href=\"https:\/\/www.pixelenvrac.com\/blog-photo\/category\/brise-lames-st-malo\/\" target=\"_blank\">St-Malo et ses brise-l\u00e2mes<\/a><\/p>\n\t\t\t<\/div>\n\t\t\t<div class=\"catgalphot\">\n\t\t\t\t<div class=\"galeriephoto vignette hover01\">\n\t\t\t\t<a href=\"https:\/\/www.pixelenvrac.com\/blog-photo\/category\/photo-urbaine\/\" title=\"La ville, ses quartiers, ses rues, ses mouvements saccad\u00e9s et parfois hostiles, son souffle urbain ; ambiance citadine entre asphalte et pav\u00e9s\"><img loading=\"lazy\" decoding=\"async\" src=\"https:\/\/www.pixelenvrac.com\/blog-photo\/wp-content\/uploads\/2025\/03\/urbain-220.jpg\" width=\"220\" height=\"220\" alt=\"Ambiance citadine\"><\/a>\n\t\t\t\t<\/div>\n\t\t\t\t<p><a href=\"https:\/\/www.pixelenvrac.com\/blog-photo\/category\/photo-urbaine\/\" target=\"_blank\">Ambiance citadine<\/a><\/p>\n\t\t\t<\/div>\n\t\t\t<div class=\"catgalphot\">\n\t\t\t\t<div class=\"galeriephoto vignette hover01\">\n\t\t\t\t<a href=\"https:\/\/www.pixelenvrac.com\/blog-photo\/category\/silence\/\" title=\"Qui\u00e9tude, calme et repos ; ambiance zen et regard minimaliste sur un monde de silence et de s\u00e9r\u00e9nit\u00e9...\"><img loading=\"lazy\" decoding=\"async\" src=\"https:\/\/www.pixelenvrac.com\/blog-photo\/wp-content\/uploads\/2025\/03\/silence-minimalisme-220.jpg\" width=\"220\" height=\"220\" alt=\"Silence & minimalisme\"><\/a>\n\t\t\t\t<\/div>\n\t\t\t\t<p><a href=\"https:\/\/www.pixelenvrac.com\/blog-photo\/category\/silence\/\" target=\"_blank\">Silence & minimalisme<\/a><\/p>\n\t\t\t<\/div>\n\t\t\t<div class=\"catgalphot\">\n\t\t\t\t<div class=\"galeriephoto vignette hover01\">\n\t\t\t\t<a href=\"https:\/\/www.pixelenvrac.com\/blog-photo\/category\/photomontage\/\" title=\"Photomontage ou montage de photos, collages et assemblages graphiques\"><img loading=\"lazy\" decoding=\"async\" src=\"https:\/\/www.pixelenvrac.com\/blog-photo\/wp-content\/uploads\/2025\/03\/araignee-porteuse-ilot-220.jpg\" width=\"220\" height=\"220\" alt=\"Photomontage\"><\/a>\n\t\t\t\t<\/div>\n\t\t\t\t<p><a href=\"https:\/\/www.pixelenvrac.com\/blog-photo\/category\/photomontage\/\" target=\"_blank\">Photomontage<\/a><\/p>\n\t\t\t<\/div>\n<div class=\"catgalphot\">\n\t\t\t<div class=\"galeriephoto vignette hover01\">\n\t\t\t\t<a href=\"https:\/\/www.pixelenvrac.com\/blog-photo\/tag\/video\/\" title=\"Billets accompagn\u00e9s d'une vid\u00e9o po\u00e9tique\"><img loading=\"lazy\" decoding=\"async\" src=\"https:\/\/www.pixelenvrac.com\/blog-photo\/wp-content\/uploads\/2025\/12\/video-poesie.jpg\" width=\"220\" height=\"220\" alt=\"Po\u00e9sie en vid\u00e9o\"><\/a>\n\t\t\t\t<\/div>\n\t\t\t\t<p><a href=\"https:\/\/www.pixelenvrac.com\/blog-photo\/tag\/video\/\" target=\"_blank\">Vid\u00e9o po\u00e9tique<\/a><\/p>\n\t\t\t<\/div>\n\t\t<\/div><!-- cont-ft -->\n\t<\/div><!-- col-droite -->\n<\/div><!-- page-2cl -->\n","protected":false},"excerpt":{"rendered":"<p>Billets photo &#038; po\u00e9sie : explorations artistiques par th\u00e9matiques Fr\u00eale esquive est un blog o\u00f9 la photographie artistique se marie \u00e0 l&rsquo;\u00e9criture et la po\u00e9sie. Chaque article propose une alliance entre mots po\u00e9tiques et visuels originaux. Po\u00e9sie photographique : d\u00e9marche personnelle. Organis\u00e9s autour de th\u00e8mes comme le bord de mer, la ville, la nature, le &hellip; <\/p>\n<p class=\"link-more\"><a href=\"https:\/\/www.pixelenvrac.com\/blog-photo\/billets-photo-poesie\/\" class=\"more-link\">Continuer la lecture<span class=\"screen-reader-text\"> de &laquo;&nbsp;Inspirations po\u00e9tiques et photographies artistiques&nbsp;&raquo;<\/span><\/a><\/p>\n","protected":false},"author":2,"featured_media":10287,"parent":0,"menu_order":0,"comment_status":"closed","ping_status":"closed","template":"","meta":{"footnotes":""},"class_list":["post-9627","page","type-page","status-publish","has-post-thumbnail","hentry"],"aioseo_notices":[],"_links":{"self":[{"href":"https:\/\/www.pixelenvrac.com\/blog-photo\/wp-json\/wp\/v2\/pages\/9627","targetHints":{"allow":["GET"]}}],"collection":[{"href":"https:\/\/www.pixelenvrac.com\/blog-photo\/wp-json\/wp\/v2\/pages"}],"about":[{"href":"https:\/\/www.pixelenvrac.com\/blog-photo\/wp-json\/wp\/v2\/types\/page"}],"author":[{"embeddable":true,"href":"https:\/\/www.pixelenvrac.com\/blog-photo\/wp-json\/wp\/v2\/users\/2"}],"replies":[{"embeddable":true,"href":"https:\/\/www.pixelenvrac.com\/blog-photo\/wp-json\/wp\/v2\/comments?post=9627"}],"version-history":[{"count":37,"href":"https:\/\/www.pixelenvrac.com\/blog-photo\/wp-json\/wp\/v2\/pages\/9627\/revisions"}],"predecessor-version":[{"id":10661,"href":"https:\/\/www.pixelenvrac.com\/blog-photo\/wp-json\/wp\/v2\/pages\/9627\/revisions\/10661"}],"wp:featuredmedia":[{"embeddable":true,"href":"https:\/\/www.pixelenvrac.com\/blog-photo\/wp-json\/wp\/v2\/media\/10287"}],"wp:attachment":[{"href":"https:\/\/www.pixelenvrac.com\/blog-photo\/wp-json\/wp\/v2\/media?parent=9627"}],"curies":[{"name":"wp","href":"https:\/\/api.w.org\/{rel}","templated":true}]}}