{"id":10713,"date":"2025-12-05T10:19:04","date_gmt":"2025-12-05T09:19:04","guid":{"rendered":"https:\/\/www.pixelenvrac.com\/blog-photo\/?page_id=10713"},"modified":"2026-01-08T11:27:46","modified_gmt":"2026-01-08T10:27:46","slug":"politique-de-confidentialite","status":"publish","type":"page","link":"https:\/\/www.pixelenvrac.com\/blog-photo\/politique-de-confidentialite\/","title":{"rendered":"Politique de confidentialit\u00e9"},"content":{"rendered":"\n<h2 class=\"wp-block-heading\">Auteur du contenu de ce blog<\/h2>\n\n\n\n<p>L\u2019adresse de ce site est&nbsp;: https:\/\/www.pixelenvrac.com\/blog-photo\/<\/p>\n\n\n\n<p>Le gars qui fait tout au niveau du contenu de ce site se nomme Jean-Marin Wibaux et habite aujourd'hui \u00e0 Fr\u00e9hel (22240) en France et Bretagne C\u00f4tes-d'Armor ; \u00e0 ce titre, tous les contenus de ces pages web, images, textes (sauf mentions cit\u00e9es), logo, vid\u00e9o sont \u00a9 Jean-Marin Wibaux.<\/p>\n\n\n\n<p>Comme indiqu\u00e9 dans le pied de page de ce site : Toute reproduction interdite : aucune possibilit\u00e9 d'utilisation commerciale de ces images et contenus. Toute repr\u00e9sentation ou reproduction int\u00e9grale ou partielle faite sans le consentement de l'auteur est illicite et constitue une contrefa\u00e7on, aux termes des articles L.335-2 et suivants du Code de la propri\u00e9t\u00e9 intellectuelle.<\/p>\n\n\n\n<h2 class=\"wp-block-heading\">Mentions l\u00e9gales<\/h2>\n\n\n\n<p>Ce site Internet est h\u00e9berg\u00e9 dans les serveurs de l'entreprise OVH dont le si\u00e8ge se situe au 2 rue Kellermann \u00e0 Roubaix (59100). Ce site internet est un blog personnel, sans aucun objectif commercial ou marchand. Vous n'y trouverez donc pas d'informations de type CGV, num\u00e9ros d'urssaf, de siret et autres rigueurs des espaces mercantiles. Rien n'est \u00e0 vendre directement \u00e0 partir des pages de ce blog.<\/p>\n\n\n\n<p>Toutefois, le recours \u00e0 des applications statistiques oblige \u00e0 vous pr\u00e9ciser que ce site utilise des cookies, que vous pouvez refuser en r\u00e9glant votre navigateur, comme vous l'explique la <a href=\"https:\/\/www.cnil.fr\/fr\/cookies-et-autres-traceurs\/comment-se-proteger\/maitriser-votre-navigateur\" target=\"_blank\" rel=\"noopener\" title=\"\">CNIL<\/a>.<\/p>\n\n\n\n<h3 class=\"wp-block-heading\">Commentaires \/ M\u00e9dias<\/h3>\n\n\n\n<p>Les commentaires ont \u00e9t\u00e9 d\u00e9sactiv\u00e9s dans ce blog. Vous ne pouvez donc pas y t\u00e9l\u00e9verser des images ou des textes personnels.<\/p>\n\n\n\n<p>Ce site est rattach\u00e9 \u00e0 un seul formulaire qui vous permet de laisser votre adresse Mail <a href=\"https:\/\/www.pixelenvrac.com\/notification.php\" target=\"_blank\" rel=\"noopener\" title=\"\">si vous souhaitez recevoir une notification<\/a> lors de la mise en ligne de nouveaux articles. Comme indiqu\u00e9 sur cette page d\u00e9di\u00e9e,  \"Fr\u00eale esquive est un blog personnel sans aucune publicit\u00e9 ni aucune dimension commerciale ; votre mail ne servira qu'\u00e0 ce service de notification et uniquement \u00e0 ce service. Pour se d\u00e9sinscrire, il vous suffira de retourner le mail de notification en pr\u00e9cisant votre volont\u00e9 de ne plus recevoir les suivants\".<\/p>\n\n\n\n<h3 class=\"wp-block-heading\">Contenu embarqu\u00e9 depuis d\u2019autres sites<\/h3>\n\n\n\n<p>Les articles de ce site peuvent inclure des contenus int\u00e9gr\u00e9s (par exemple des vid\u00e9os, images, articles\u2026). Le contenu int\u00e9gr\u00e9 depuis d\u2019autres sites se comporte de la m\u00eame mani\u00e8re que si le visiteur se rendait sur cet autre site.<\/p>\n\n\n\n<p>Ces sites web pourraient collecter des donn\u00e9es sur vous, utiliser des cookies, embarquer des outils de suivis tiers, suivre vos interactions avec ces contenus embarqu\u00e9s si vous disposez d\u2019un compte connect\u00e9 sur leur site web.<\/p>\n","protected":false},"excerpt":{"rendered":"<p>Auteur du contenu de ce blog L\u2019adresse de ce site est&nbsp;: https:\/\/www.pixelenvrac.com\/blog-photo\/ Le gars qui fait tout au niveau du contenu de ce site se nomme Jean-Marin Wibaux et habite aujourd&rsquo;hui \u00e0 Fr\u00e9hel (22240) en France et Bretagne C\u00f4tes-d&rsquo;Armor ; \u00e0 ce titre, tous les contenus de ces pages web, images, textes (sauf mentions cit\u00e9es), &hellip; <\/p>\n<p class=\"link-more\"><a href=\"https:\/\/www.pixelenvrac.com\/blog-photo\/politique-de-confidentialite\/\" class=\"more-link\">Continuer la lecture<span class=\"screen-reader-text\"> de &laquo;&nbsp;Politique de confidentialit\u00e9&nbsp;&raquo;<\/span><\/a><\/p>\n","protected":false},"author":2,"featured_media":10287,"parent":0,"menu_order":0,"comment_status":"closed","ping_status":"closed","template":"","meta":{"footnotes":""},"class_list":["post-10713","page","type-page","status-publish","has-post-thumbnail","hentry"],"aioseo_notices":[],"_links":{"self":[{"href":"https:\/\/www.pixelenvrac.com\/blog-photo\/wp-json\/wp\/v2\/pages\/10713","targetHints":{"allow":["GET"]}}],"collection":[{"href":"https:\/\/www.pixelenvrac.com\/blog-photo\/wp-json\/wp\/v2\/pages"}],"about":[{"href":"https:\/\/www.pixelenvrac.com\/blog-photo\/wp-json\/wp\/v2\/types\/page"}],"author":[{"embeddable":true,"href":"https:\/\/www.pixelenvrac.com\/blog-photo\/wp-json\/wp\/v2\/users\/2"}],"replies":[{"embeddable":true,"href":"https:\/\/www.pixelenvrac.com\/blog-photo\/wp-json\/wp\/v2\/comments?post=10713"}],"version-history":[{"count":4,"href":"https:\/\/www.pixelenvrac.com\/blog-photo\/wp-json\/wp\/v2\/pages\/10713\/revisions"}],"predecessor-version":[{"id":10830,"href":"https:\/\/www.pixelenvrac.com\/blog-photo\/wp-json\/wp\/v2\/pages\/10713\/revisions\/10830"}],"wp:featuredmedia":[{"embeddable":true,"href":"https:\/\/www.pixelenvrac.com\/blog-photo\/wp-json\/wp\/v2\/media\/10287"}],"wp:attachment":[{"href":"https:\/\/www.pixelenvrac.com\/blog-photo\/wp-json\/wp\/v2\/media?parent=10713"}],"curies":[{"name":"wp","href":"https:\/\/api.w.org\/{rel}","templated":true}]}}